{"id":4732,"date":"2019-03-04T15:17:31","date_gmt":"2019-03-04T14:17:31","guid":{"rendered":"http:\/\/infanziacolleumberto.it\/?page_id=4732"},"modified":"2022-10-12T11:33:49","modified_gmt":"2022-10-12T09:33:49","slug":"sezione-primavera","status":"publish","type":"page","link":"https:\/\/infanziacolleumberto.it\/index.php\/sezione-primavera\/","title":{"rendered":"Sezione Primavera"},"content":{"rendered":"<p>[vc_row][vc_column][vc_column_text h1_css=&#8221;{.vc_customizer_1551709779223}&#8221; h2_css=&#8221;{.vc_customizer_1551709779223}&#8221; h3_css=&#8221;{.vc_customizer_1551709779223}&#8221; h4_css=&#8221;{.vc_customizer_1551709779224}&#8221; h5_css=&#8221;{.vc_customizer_1551709779224}&#8221; h6_css=&#8221;{.vc_customizer_1551709779224}&#8221; p_css=&#8221;{.vc_customizer_1551709779224}&#8221; link_css=&#8221;{.vc_customizer_1551709779225}&#8221; list_css=&#8221;{.vc_customizer_1551709779225}&#8221;]<\/p>\n<p class=\"Standard\">L\u2019offerta della sezione primavera si colloca in una fascia di mezzo tra il Nido e la Scuola dell\u2019Infanzia, ponendosi come servizio innovativo che tiene conto dei bisogni specifici di questa et\u00e0 (24-36 mesi).<\/p>\n<p class=\"Standard\">La sua organizzazione \u00e8 pensata in funzione di un gruppo omogeneo di bambini, in spazi adeguati con gruppi ridotti e la presenza di due educatrici.<\/p>\n<p class=\"Standard\">Il progetto pedagogico \u00e8 finalizzato ad un apprendimento dei bambini attraverso un ambiente di cura educativa, quindi con una forte attenzione al tema dell\u2019accoglienza, del benessere, della consapevolezza corporea, dell\u2019avvio al linguaggio, creativit\u00e0 e immaginazione, garantendo la continuit\u00e0 con la scuola dell\u2019infanzia, mediante adeguato raccordo pedagogico.<\/p>\n<p>[\/vc_column_text][\/vc_column][\/vc_row][vc_row][vc_column width=&#8221;1\/2&#8243;][vc_column_text h1_css=&#8221;{.vc_customizer_1551709844530}&#8221; h2_css=&#8221;{.vc_customizer_1551709844531}&#8221; h3_css=&#8221;{.vc_customizer_1551709844531}&#8221; h4_css=&#8221;{.vc_customizer_1551709844531}&#8221; h5_css=&#8221;{.vc_customizer_1551709844532}&#8221; h6_css=&#8221;{.vc_customizer_1551709844532}&#8221; p_css=&#8221;{.vc_customizer_1551709844532}&#8221; link_css=&#8221;{.vc_customizer_1551709844532}&#8221; list_css=&#8221;{.vc_customizer_1551709844533}&#8221;]<\/p>\n<h3><span style=\"color: #267179;\">INSERIMENTO<\/span><\/h3>\n<p class=\"Standard\">La peculiarit\u00e0 della sezione primavera \u00e8 quella della sua brevit\u00e0 di permanenza nella stessa in un solo anno. L\u2019inserimento \u00e8 una fase di transizione che assume un valore profondo per la famiglia e per il bambino. Il piccolo che inizia a frequentare la sezione primavera per la prima volta, affronta un <b>cambiamento <\/b>di grande portata: dal contesto familiare per lui conosciuto e rassicurante, deve imparare a muoversi senza timore nel nuovo e diverso ambiente.<\/p>\n<p class=\"Standard\">La delicatezza di questo passaggio richiede la partecipazione consapevole, attiva e sinergica degli adulti, all\u2019interno di un sistema organizzato.<\/p>\n<p>[\/vc_column_text][\/vc_column][vc_column width=&#8221;1\/2&#8243;][vc_column_text h1_css=&#8221;{.vc_customizer_1551709824369}&#8221; h2_css=&#8221;{.vc_customizer_1551709824369}&#8221; h3_css=&#8221;{.vc_customizer_1551709824369}&#8221; h4_css=&#8221;{.vc_customizer_1551709824370}&#8221; h5_css=&#8221;{.vc_customizer_1551709824370}&#8221; h6_css=&#8221;{.vc_customizer_1551709824370}&#8221; p_css=&#8221;{.vc_customizer_1551709824370}&#8221; link_css=&#8221;{.vc_customizer_1551709824371}&#8221; list_css=&#8221;{.vc_customizer_1551709824371}&#8221;]<\/p>\n<h3><span style=\"color: #267179;\">I CONTESTI COME RISORSA EDUCATIVA<\/span><\/h3>\n<p>[\/vc_column_text][vc_gallery type=&#8221;image_grid&#8221; images=&#8221;4735,4736,4737,4738,4739,4740&#8243;][vc_column_text h1_css=&#8221;{.vc_customizer_1551709431717}&#8221; h2_css=&#8221;{.vc_customizer_1551709431717}&#8221; h3_css=&#8221;{.vc_customizer_1551709431718}&#8221; h4_css=&#8221;{.vc_customizer_1551709431718}&#8221; h5_css=&#8221;{.vc_customizer_1551709431718}&#8221; h6_css=&#8221;{.vc_customizer_1551709431718}&#8221; p_css=&#8221;{.vc_customizer_1551709431719}&#8221; link_css=&#8221;{.vc_customizer_1551709431719}&#8221; list_css=&#8221;{.vc_customizer_1551709431719}&#8221;]<\/p>\n<p class=\"Standard\">Gli spazi sono pensati per rispondere alle esigenze che nascono nei bambini da un forte bisogno esplorativo. Angoli e materiali rispondono al percorso verso l\u2019autonomia e la sperimentazione.<\/p>\n<p>[\/vc_column_text][\/vc_column][\/vc_row][vc_row][vc_column][vc_column_text h1_css=&#8221;{.vc_customizer_1551709864550}&#8221; h2_css=&#8221;{.vc_customizer_1551709864550}&#8221; h3_css=&#8221;{.vc_customizer_1551709864551}&#8221; h4_css=&#8221;{.vc_customizer_1551709864551}&#8221; h5_css=&#8221;{.vc_customizer_1551709864551}&#8221; h6_css=&#8221;{.vc_customizer_1551709864551}&#8221; p_css=&#8221;{.vc_customizer_1551709864552}&#8221; link_css=&#8221;{.vc_customizer_1551709864552}&#8221; list_css=&#8221;{.vc_customizer_1551709864552}&#8221;]<\/p>\n<h3><span style=\"color: #267179;\">RAPPORTI SEZIONE PRIMAVERA &#8211; FAMIGLIA<\/span><\/h3>\n<p>La sezione primavera, come la scuola dell\u2019infanzia, si impegna a promuovere la partecipazione delle famiglie individuando forme di scambio attorno ai temi dell\u2019educazione.<\/p>\n<p>Nel corso dell\u2019anno la partecipazione delle famiglie si articola in:<\/p>\n<ul>\n<li>colloqui individuali;<\/li>\n<li>incontri di sezione;<\/li>\n<li>incontri a tema;<\/li>\n<li>occasioni di socialit\u00e0 come eventi e feste.<\/li>\n<\/ul>\n<p>[\/vc_column_text][\/vc_column][\/vc_row]<\/p>\n","protected":false},"excerpt":{"rendered":"<p>[vc_row][vc_column][vc_column_text h1_css=&#8221;{.vc_customizer_1551709779223}&#8221; h2_css=&#8221;{.vc_customizer_1551709779223}&#8221; h3_css=&#8221;{.vc_customizer_1551709779223}&#8221; h4_css=&#8221;{.vc_customizer_1551709779224}&#8221; h5_css=&#8221;{.vc_customizer_1551709779224}&#8221; h6_css=&#8221;{.vc_customizer_1551709779224}&#8221; p_css=&#8221;{.vc_customizer_1551709779224}&#8221; link_css=&#8221;{.vc_customizer_1551709779225}&#8221; list_css=&#8221;{.vc_customizer_1551709779225}&#8221;] L\u2019offerta della sezione primavera si colloca in una fascia di mezzo tra il Nido e la Scuola dell\u2019Infanzia, ponendosi come servizio innovativo che tiene conto dei bisogni specifici di questa et\u00e0 (24-36 mesi). La sua organizzazione \u00e8 pensata in funzione di un gruppo omogeneo di<\/p>\n","protected":false},"author":2,"featured_media":0,"parent":0,"menu_order":0,"comment_status":"closed","ping_status":"closed","template":"","meta":[],"_links":{"self":[{"href":"https:\/\/infanziacolleumberto.it\/index.php\/wp-json\/wp\/v2\/pages\/4732"}],"collection":[{"href":"https:\/\/infanziacolleumberto.it\/index.php\/wp-json\/wp\/v2\/pages"}],"about":[{"href":"https:\/\/infanziacolleumberto.it\/index.php\/wp-json\/wp\/v2\/types\/page"}],"author":[{"embeddable":true,"href":"https:\/\/infanziacolleumberto.it\/index.php\/wp-json\/wp\/v2\/users\/2"}],"replies":[{"embeddable":true,"href":"https:\/\/infanziacolleumberto.it\/index.php\/wp-json\/wp\/v2\/comments?post=4732"}],"version-history":[{"count":8,"href":"https:\/\/infanziacolleumberto.it\/index.php\/wp-json\/wp\/v2\/pages\/4732\/revisions"}],"predecessor-version":[{"id":4862,"href":"https:\/\/infanziacolleumberto.it\/index.php\/wp-json\/wp\/v2\/pages\/4732\/revisions\/4862"}],"wp:attachment":[{"href":"https:\/\/infanziacolleumberto.it\/index.php\/wp-json\/wp\/v2\/media?parent=4732"}],"curies":[{"name":"wp","href":"https:\/\/api.w.org\/{rel}","templated":true}]}}