{"id":4200,"date":"2017-02-06T21:43:40","date_gmt":"2017-02-06T20:43:40","guid":{"rendered":"http:\/\/infanziacolleumberto.it\/?page_id=4200"},"modified":"2022-10-12T11:40:30","modified_gmt":"2022-10-12T09:40:30","slug":"progetto-parvulos","status":"publish","type":"page","link":"https:\/\/infanziacolleumberto.it\/index.php\/progetto-parvulos\/","title":{"rendered":"La storia del Progetto Parvulos"},"content":{"rendered":"<p>[vc_row][vc_column][vc_column_text h1_css=&#8221;{.vc_customizer_1544472160755}&#8221; h2_css=&#8221;{.vc_customizer_1544472160757}&#8221; h3_css=&#8221;{.vc_customizer_1544472160758}&#8221; h4_css=&#8221;{.vc_customizer_1544472160758}&#8221; h5_css=&#8221;{.vc_customizer_1544472160760}&#8221; h6_css=&#8221;{.vc_customizer_1544472160761}&#8221; p_css=&#8221;{.vc_customizer_1544472160762}&#8221; link_css=&#8221;{.vc_customizer_1544472160762}&#8221; list_css=&#8221;{.vc_customizer_1544472160764}&#8221;]<img loading=\"lazy\" class=\"alignleft wp-image-4299 size-medium\" src=\"https:\/\/infanziacolleumberto.it\/wp-content\/uploads\/2017\/02\/logo-progetto-parvulos-300x300.jpg\" width=\"300\" height=\"300\" srcset=\"https:\/\/infanziacolleumberto.it\/wp-content\/uploads\/2017\/02\/logo-progetto-parvulos-300x300.jpg 300w, https:\/\/infanziacolleumberto.it\/wp-content\/uploads\/2017\/02\/logo-progetto-parvulos-200x200.jpg 200w, https:\/\/infanziacolleumberto.it\/wp-content\/uploads\/2017\/02\/logo-progetto-parvulos-768x770.jpg 768w, https:\/\/infanziacolleumberto.it\/wp-content\/uploads\/2017\/02\/logo-progetto-parvulos-1022x1024.jpg 1022w, https:\/\/infanziacolleumberto.it\/wp-content\/uploads\/2017\/02\/logo-progetto-parvulos-480x480.jpg 480w, https:\/\/infanziacolleumberto.it\/wp-content\/uploads\/2017\/02\/logo-progetto-parvulos-269x270.jpg 269w, https:\/\/infanziacolleumberto.it\/wp-content\/uploads\/2017\/02\/logo-progetto-parvulos-778x780.jpg 778w, https:\/\/infanziacolleumberto.it\/wp-content\/uploads\/2017\/02\/logo-progetto-parvulos-780x780.jpg 780w, https:\/\/infanziacolleumberto.it\/wp-content\/uploads\/2017\/02\/logo-progetto-parvulos-438x439.jpg 438w, https:\/\/infanziacolleumberto.it\/wp-content\/uploads\/2017\/02\/logo-progetto-parvulos-673x675.jpg 673w, https:\/\/infanziacolleumberto.it\/wp-content\/uploads\/2017\/02\/logo-progetto-parvulos-229x229.jpg 229w\" sizes=\"(max-width: 300px) 100vw, 300px\" \/>Il Progetto Parvulos \u00e8 nato nel 2014, per volont\u00e0 della parrocchia, a seguito di assemblee pubbliche ed innumerevoli riflessioni sulla validit\u00e0 del progetto, comporta un considerevole impegno economico, al fine di adeguare a tutte le normative vigenti la secolare scuola dell\u2019infanzia di Colle Umberto.<\/p>\n<p>La Sinite Parvulos \u00e8 un fondamentale riferimento storico ed emotivo di Colle Umberto.<br \/>\nDon Arnaldo, il Consiglio Pastorale, il Consiglio Affari Economici ed il gruppo di genitori e famiglie che sostengono la scuola, credono fermamente nell\u2019importanza che questa scuola riveste nella nostra comunit\u00e0, credono nell\u2019importanza, per il nostro futuro, di investire ogni risorsa disponibile sui giovani e sulla loro istruzione.<\/p>\n<p>L\u2019antico edificio, che ha sempre svolto una funzione educativa e di socializzazione rivolta in particolare all\u2019infanzia, era bisognoso di un intervento di ristrutturazione ed ammodernamento.<br \/>\nGrazie all\u2019importante sostegno economico del signor Giovanni Tonon e della sua famiglia, si \u00e8 potuto programmare un intervento di ristrutturazione e di ampliamento dell\u2019intera struttura. Intervento che prevede l\u2019inserimento di una nuova sezione per bambini dai 2 ai 3 anni, sezione primavera, che porter\u00e0 il nome di \u201cEmanuela Tonon\u201d, figlia prematuramente scomparsa dei signori Tonon.<\/p>\n<p>Con questa premessa e con lo stanziamento di contributi Regionali e Comunali, nel 2016 si \u00e8 dato il via ai lavori, formalizzando l\u2019evento con la cerimonia simbolica di \u201cposa della prima pietra\u201d tenutasi il 18 settembre 2016.<\/p>\n<p>Per garantire la possibilit\u00e0 alla scuola di riprendere possesso della sua sede alla partenza dell\u2019anno scolastico 2017-2018, l\u2019intervento \u00e8 stato programmato in pi\u00f9 stralci funzionali.<br \/>\nIl primo sostanzioso stralcio viene terminato a settembre 2017: consiste nella completa ristrutturazione dell\u2019edificio esistente e nella costruzione della nuova porzione in ampliamento. Rimangono allo stato grezzo alcuni dei locali secondari alla funzionalit\u00e0 della scuola e la sistemazione a parcheggio di parte dell\u2019area esterna.<\/p>\n<p>L&#8217;08 ottobre 2017 \u00e8 stata inaugurata la nuova scuola con la presenza di oltre 500 persone, del vescovo, delle autorit\u00e0 e della famiglia Tonon, alla cui figlia Emanuela \u00e8 stata intitolato il salone della scuola stessa.[\/vc_column_text][\/vc_column][\/vc_row][vc_row][vc_column][vc_custom_heading text=&#8221;Avanzamento lavori&#8221; use_theme_fonts=&#8221;yes&#8221;][vc_gallery type=&#8221;image_grid&#8221; images=&#8221;4439,4445,4446,4447,4448,4449,4450,4451,4452,4453&#8243;][\/vc_column][\/vc_row][vc_row][vc_column][vc_custom_heading text=&#8221;Eventi&#8221; use_theme_fonts=&#8221;yes&#8221;][vc_gallery type=&#8221;image_grid&#8221; images=&#8221;4431,4434,4435,4436,4437,4438,4440,4441,4442,4443,4444,4454,4455&#8243;][\/vc_column][\/vc_row][vc_row][vc_column][vc_custom_heading text=&#8221;Progetto&#8221; use_theme_fonts=&#8221;yes&#8221;][vc_gallery type=&#8221;image_grid&#8221; images=&#8221;4456,4457,4458&#8243;][\/vc_column][\/vc_row]<\/p>\n","protected":false},"excerpt":{"rendered":"<p>[vc_row][vc_column][vc_column_text h1_css=&#8221;{.vc_customizer_1544472160755}&#8221; h2_css=&#8221;{.vc_customizer_1544472160757}&#8221; h3_css=&#8221;{.vc_customizer_1544472160758}&#8221; h4_css=&#8221;{.vc_customizer_1544472160758}&#8221; h5_css=&#8221;{.vc_customizer_1544472160760}&#8221; h6_css=&#8221;{.vc_customizer_1544472160761}&#8221; p_css=&#8221;{.vc_customizer_1544472160762}&#8221; link_css=&#8221;{.vc_customizer_1544472160762}&#8221; list_css=&#8221;{.vc_customizer_1544472160764}&#8221;]Il Progetto Parvulos \u00e8 nato nel 2014, per volont\u00e0 della parrocchia, a seguito di assemblee pubbliche ed innumerevoli riflessioni sulla validit\u00e0 del progetto, comporta un considerevole impegno economico, al fine di adeguare a tutte le normative vigenti la secolare scuola dell\u2019infanzia di Colle Umberto. La Sinite<\/p>\n","protected":false},"author":1,"featured_media":0,"parent":0,"menu_order":0,"comment_status":"closed","ping_status":"closed","template":"","meta":[],"_links":{"self":[{"href":"https:\/\/infanziacolleumberto.it\/index.php\/wp-json\/wp\/v2\/pages\/4200"}],"collection":[{"href":"https:\/\/infanziacolleumberto.it\/index.php\/wp-json\/wp\/v2\/pages"}],"about":[{"href":"https:\/\/infanziacolleumberto.it\/index.php\/wp-json\/wp\/v2\/types\/page"}],"author":[{"embeddable":true,"href":"https:\/\/infanziacolleumberto.it\/index.php\/wp-json\/wp\/v2\/users\/1"}],"replies":[{"embeddable":true,"href":"https:\/\/infanziacolleumberto.it\/index.php\/wp-json\/wp\/v2\/comments?post=4200"}],"version-history":[{"count":13,"href":"https:\/\/infanziacolleumberto.it\/index.php\/wp-json\/wp\/v2\/pages\/4200\/revisions"}],"predecessor-version":[{"id":4863,"href":"https:\/\/infanziacolleumberto.it\/index.php\/wp-json\/wp\/v2\/pages\/4200\/revisions\/4863"}],"wp:attachment":[{"href":"https:\/\/infanziacolleumberto.it\/index.php\/wp-json\/wp\/v2\/media?parent=4200"}],"curies":[{"name":"wp","href":"https:\/\/api.w.org\/{rel}","templated":true}]}}