{"id":3934,"date":"2017-01-16T15:12:21","date_gmt":"2017-01-16T14:12:21","guid":{"rendered":"http:\/\/infanziacolleumberto.it\/?page_id=3934"},"modified":"2023-10-31T13:29:17","modified_gmt":"2023-10-31T12:29:17","slug":"attivita-didattiche","status":"publish","type":"page","link":"https:\/\/infanziacolleumberto.it\/index.php\/attivita-didattiche\/","title":{"rendered":"Attivit\u00e0 didattiche"},"content":{"rendered":"<p>[vc_row][vc_column][vc_column_text h1_css=&#8221;{.vc_customizer_1698755348822}&#8221; h2_css=&#8221;{.vc_customizer_1698755348822}&#8221; h3_css=&#8221;{.vc_customizer_1698755348822}&#8221; h4_css=&#8221;{.vc_customizer_1698755348823}&#8221; h5_css=&#8221;{.vc_customizer_1698755348823}&#8221; h6_css=&#8221;{.vc_customizer_1698755348823}&#8221; p_css=&#8221;{.vc_customizer_1698755348823}&#8221; link_css=&#8221;{.vc_customizer_1698755348823}&#8221; list_css=&#8221;{.vc_customizer_1698755348824}&#8221;]La strutturazione della giornata scolastica \u00e8 pensata per dare al bambino punti di riferimento sicuri e costanti, salvaguardare il suo benessere psicofisico, proporre un armonico alternarsi di attivit\u00e0 che richiedono una diversa intensit\u00e0 di impegno, trasmettere sicurezza e serenit\u00e0.<\/p>\n<p>L\u2019orario di attivit\u00e0 \u00e8 ripartito in 5 giorni settimanali, dalle ore 9.00 alle 16.00. E&#8217; attivo il servizio di pre-scuola (dalle ore 7.30) e, dall\u2019 anno scolastico 2017\/2018, \u00e8 attivo anche il S.E.P. (Servizio Educativo Pomeridiano) dalle 16.00 alle 18.00.<\/p>\n<p>Vengono proposti attivit\u00e0 e progetti vari, che cambiano annualmente, necessari per lo sviluppo di tutte le competenze e abilit\u00e0 dei bambini, tenendo conto delle fasce d&#8217;et\u00e0 e predisposizione di ciascuno.<\/p>\n<ul>\n<li>Progetti educativi e programma didattico (PTOF= Piano Triennale Offerta Formativa)<\/li>\n<\/ul>\n<h3><span style=\"color: #267179;\">POSSIBILI ATTIVITA&#8217; LABORATORIALI<\/span><\/h3>\n<ul>\n<li>Psicomotricit\u00e0<\/li>\n<li>Lavoratori di lingua (inglese, spagnolo, ecc.)<\/li>\n<li>Laboratorio teatrale<\/li>\n<li>Laboratorio di arte<\/li>\n<li>Biblioteca<\/li>\n<\/ul>\n<h3><\/h3>\n<h3><span style=\"color: #267179;\">POSSIBILI ATTIVITA&#8217; EXTRA SCOLASTICHE<\/span><\/h3>\n<ul>\n<li>Progetto benessere<\/li>\n<li>Screening Logopedico<\/li>\n<li>Gite<\/li>\n<li>Letture animate<\/li>\n<li>Attivit\u00e0 formative per i genitori<\/li>\n<\/ul>\n<p>[\/vc_column_text][\/vc_column][\/vc_row]<\/p>\n","protected":false},"excerpt":{"rendered":"<p>[vc_row][vc_column][vc_column_text h1_css=&#8221;{.vc_customizer_1698755348822}&#8221; h2_css=&#8221;{.vc_customizer_1698755348822}&#8221; h3_css=&#8221;{.vc_customizer_1698755348822}&#8221; h4_css=&#8221;{.vc_customizer_1698755348823}&#8221; h5_css=&#8221;{.vc_customizer_1698755348823}&#8221; h6_css=&#8221;{.vc_customizer_1698755348823}&#8221; p_css=&#8221;{.vc_customizer_1698755348823}&#8221; link_css=&#8221;{.vc_customizer_1698755348823}&#8221; list_css=&#8221;{.vc_customizer_1698755348824}&#8221;]La strutturazione della giornata scolastica \u00e8 pensata per dare al bambino punti di riferimento sicuri e costanti, salvaguardare il suo benessere psicofisico, proporre un armonico alternarsi di attivit\u00e0 che richiedono una diversa intensit\u00e0 di impegno, trasmettere sicurezza e serenit\u00e0. L\u2019orario di attivit\u00e0 \u00e8 ripartito in 5<\/p>\n","protected":false},"author":1,"featured_media":0,"parent":0,"menu_order":0,"comment_status":"closed","ping_status":"closed","template":"","meta":[],"_links":{"self":[{"href":"https:\/\/infanziacolleumberto.it\/index.php\/wp-json\/wp\/v2\/pages\/3934"}],"collection":[{"href":"https:\/\/infanziacolleumberto.it\/index.php\/wp-json\/wp\/v2\/pages"}],"about":[{"href":"https:\/\/infanziacolleumberto.it\/index.php\/wp-json\/wp\/v2\/types\/page"}],"author":[{"embeddable":true,"href":"https:\/\/infanziacolleumberto.it\/index.php\/wp-json\/wp\/v2\/users\/1"}],"replies":[{"embeddable":true,"href":"https:\/\/infanziacolleumberto.it\/index.php\/wp-json\/wp\/v2\/comments?post=3934"}],"version-history":[{"count":8,"href":"https:\/\/infanziacolleumberto.it\/index.php\/wp-json\/wp\/v2\/pages\/3934\/revisions"}],"predecessor-version":[{"id":4911,"href":"https:\/\/infanziacolleumberto.it\/index.php\/wp-json\/wp\/v2\/pages\/3934\/revisions\/4911"}],"wp:attachment":[{"href":"https:\/\/infanziacolleumberto.it\/index.php\/wp-json\/wp\/v2\/media?parent=3934"}],"curies":[{"name":"wp","href":"https:\/\/api.w.org\/{rel}","templated":true}]}}