{"id":3735,"date":"2017-01-10T16:30:36","date_gmt":"2017-01-10T15:30:36","guid":{"rendered":"http:\/\/infanziacolleumberto.it\/?page_id=3735"},"modified":"2025-11-21T13:55:22","modified_gmt":"2025-11-21T12:55:22","slug":"orari-e-servizi","status":"publish","type":"page","link":"https:\/\/infanziacolleumberto.it\/index.php\/attivita-didattiche\/orari-e-servizi\/","title":{"rendered":"Orari e servizi"},"content":{"rendered":"<p>[vc_row][vc_column][vc_column_text h1_css=&#8221;{.vc_customizer_1763729714649}&#8221; h2_css=&#8221;{.vc_customizer_1763729714650}&#8221; h3_css=&#8221;{.vc_customizer_1763729714650}&#8221; h4_css=&#8221;{.vc_customizer_1763729714650}&#8221; h5_css=&#8221;{.vc_customizer_1763729714650}&#8221; h6_css=&#8221;{.vc_customizer_1763729714650}&#8221; p_css=&#8221;{.vc_customizer_1763729714650}&#8221; link_css=&#8221;{.vc_customizer_1763729714650}&#8221; list_css=&#8221;{.vc_customizer_1763729714650}&#8221;]La Scuola \u00e8 aperta da SETTEMBRE a GIUGNO dal luned\u00ec al venerd\u00ec con il seguente orario:<\/p>\n<p>7.30 &#8211; 9.00 accoglienza<\/p>\n<p>12.30 &#8211; 12.45 uscita per sezione Primavera e sezione Piccoli<\/p>\n<p>12.45 &#8211; 13.00 uscita per sezione Medi e sezione Grandi<\/p>\n<p>15.30 &#8211; 16.00 uscita pomeridiana<\/p>\n<p>16.00 &#8211; 18.00 dopo scuola<\/p>\n<p>Per permettere il buon funzionamento del servizio scolastico si raccomanda il massimo rispetto degli orari.<\/p>\n<p>Il calendario scolastico, che segue le indicazioni della Regione Veneto, sar\u00e0 consegnato ad inizio anno.<\/p>\n<p>La sezione Primavera sar\u00e0 attiva, ogni anno, fino a fine Luglio, per la Scuola dell&#8217;Infanzia c&#8217;\u00e8 la possibilit\u00e0 del Centro Estivo nel mese di Luglio.<\/p>\n<p><strong>La scuola offre alle famiglie oltre all\u2019attivit\u00e0 didattica i seguenti servizi:<\/strong><\/p>\n<ul>\n<li>PRE SCUOLA e DOPO-SCUOLA: l\u2019apertura della scuola \u00e8 alle 7.30 mentre dalle 16.00 alle 18.00 \u00e8 attivo il servizio di post-scuola.<\/li>\n<li>MENSA: la scuola fornisce il sevizio mensa interno secondo le disposizioni dietetiche e strutturali date dall\u2019Ulss di riferimento. Il menu stagionale \u00e8 articolato su quattro settimane. Oltre al pranzo viene offerta una piccola colazione verso le ore 9.00 e la merenda verso le 15.00.<\/li>\n<li>PROGETTO BENESSERE: ai bambini e alle famiglie sono proposti attivit\u00e0, incontri informativi e formativi, volti a favorire lo sviluppo e la crescita nel pieno ben-essere.<\/li>\n<\/ul>\n<p>[\/vc_column_text][\/vc_column][\/vc_row]<\/p>\n","protected":false},"excerpt":{"rendered":"<p>[vc_row][vc_column][vc_column_text h1_css=&#8221;{.vc_customizer_1763729714649}&#8221; h2_css=&#8221;{.vc_customizer_1763729714650}&#8221; h3_css=&#8221;{.vc_customizer_1763729714650}&#8221; h4_css=&#8221;{.vc_customizer_1763729714650}&#8221; h5_css=&#8221;{.vc_customizer_1763729714650}&#8221; h6_css=&#8221;{.vc_customizer_1763729714650}&#8221; p_css=&#8221;{.vc_customizer_1763729714650}&#8221; link_css=&#8221;{.vc_customizer_1763729714650}&#8221; list_css=&#8221;{.vc_customizer_1763729714650}&#8221;]La Scuola \u00e8 aperta da SETTEMBRE a GIUGNO dal luned\u00ec al venerd\u00ec con il seguente orario: 7.30 &#8211; 9.00 accoglienza 12.30 &#8211; 12.45 uscita per sezione Primavera e sezione Piccoli 12.45 &#8211; 13.00 uscita per sezione Medi e sezione Grandi 15.30 &#8211; 16.00 uscita pomeridiana 16.00<\/p>\n","protected":false},"author":1,"featured_media":0,"parent":3934,"menu_order":0,"comment_status":"closed","ping_status":"closed","template":"","meta":[],"_links":{"self":[{"href":"https:\/\/infanziacolleumberto.it\/index.php\/wp-json\/wp\/v2\/pages\/3735"}],"collection":[{"href":"https:\/\/infanziacolleumberto.it\/index.php\/wp-json\/wp\/v2\/pages"}],"about":[{"href":"https:\/\/infanziacolleumberto.it\/index.php\/wp-json\/wp\/v2\/types\/page"}],"author":[{"embeddable":true,"href":"https:\/\/infanziacolleumberto.it\/index.php\/wp-json\/wp\/v2\/users\/1"}],"replies":[{"embeddable":true,"href":"https:\/\/infanziacolleumberto.it\/index.php\/wp-json\/wp\/v2\/comments?post=3735"}],"version-history":[{"count":10,"href":"https:\/\/infanziacolleumberto.it\/index.php\/wp-json\/wp\/v2\/pages\/3735\/revisions"}],"predecessor-version":[{"id":5058,"href":"https:\/\/infanziacolleumberto.it\/index.php\/wp-json\/wp\/v2\/pages\/3735\/revisions\/5058"}],"up":[{"embeddable":true,"href":"https:\/\/infanziacolleumberto.it\/index.php\/wp-json\/wp\/v2\/pages\/3934"}],"wp:attachment":[{"href":"https:\/\/infanziacolleumberto.it\/index.php\/wp-json\/wp\/v2\/media?parent=3735"}],"curies":[{"name":"wp","href":"https:\/\/api.w.org\/{rel}","templated":true}]}}