{"id":3715,"date":"2017-01-10T16:08:39","date_gmt":"2017-01-10T15:08:39","guid":{"rendered":"http:\/\/infanziacolleumberto.it\/?page_id=3715"},"modified":"2022-10-12T11:31:38","modified_gmt":"2022-10-12T09:31:38","slug":"struttura","status":"publish","type":"page","link":"https:\/\/infanziacolleumberto.it\/index.php\/struttura\/","title":{"rendered":"La struttura"},"content":{"rendered":"<p>[vc_row css=&#8221;.vc_custom_1485874032891{margin-top: -50px !important;margin-bottom: -50px !important;}&#8221;][vc_column][ivan_title align=&#8221; to-center&#8221; title_css=&#8221;{.vc_customizer_1485874070822}&#8221; highlight_css=&#8221;{.vc_customizer_1485874070823}&#8221; subtitle_css=&#8221;{.vc_customizer_1485874070825}&#8221; mark_css=&#8221;{.vc_customizer_1485874070825}&#8221; icon_css=&#8221;{.vc_customizer_1485874070827}&#8221;]La struttura, dove i piccoli diventano grandi[\/ivan_title][vc_row_inner][vc_column_inner width=&#8221;1\/4&#8243; css=&#8221;.vc_custom_1486374841337{background-color: #f2f2f2 !important;}&#8221;][vc_gallery type=&#8221;image_grid&#8221; images=&#8221;4456,4457,4458&#8243;][\/vc_column_inner][vc_column_inner width=&#8221;3\/4&#8243;][vc_column_text h1_css=&#8221;{.vc_customizer_1544471697335}&#8221; h2_css=&#8221;{.vc_customizer_1544471697335}&#8221; h3_css=&#8221;{.vc_customizer_1544471697336}&#8221; h4_css=&#8221;{.vc_customizer_1544471697338}&#8221; h5_css=&#8221;{.vc_customizer_1544471697339}&#8221; h6_css=&#8221;{.vc_customizer_1544471697340}&#8221; p_css=&#8221;{.vc_customizer_1544471697342}&#8221; link_css=&#8221;{.vc_customizer_1544471697342}&#8221; list_css=&#8221;{.vc_customizer_1544471697343}&#8221;]Il complesso architettonico nato nel 1912 come \u201casilo\u201d e sala teatrale, nel 2016-17 \u00e8 stato oggetto di un importante intervento di ristrutturazione ed ampliamento. Nell&#8217;estate del 2017 si sono chiusi i lavori e nell&#8217;ottobre dello stesso anno \u00e8 stata inaugurata la &#8220;nuova&#8221; scuola.<br \/>\nL\u2019edificio si trova nel centro di Colle Umberto, in una zona residenziale appartata, senza alcun passaggio di mezzi di trasporto pesanti o rumori molesti.<br \/>\nLocali estremamente spaziosi, luminosi e colorati, rendono la struttura di circa 1100 mq accogliente, gioiosa e decisamente allegra.<\/p>\n<p>La struttura \u00e8 composta da tre grandi aule per le sezioni di scuola dell&#8217;infanzia (3-6 anni) e da un&#8217;aula per la sezione primavera (2-3 anni).<\/p>\n<p>La sezione \u00e8 lo spazio privilegiato del bambino ed \u00e8 punto di riferimento affettivo e sociale molto importante, perch\u00e9 luogo di identificazione in cui vengono realizzate le esperienze educative finalizzate a promuovere l\u2019identit\u00e0, l\u2019autonomia, le competenze. Ogni sezione dispone di servizi igienici a grandezza di bambino.<\/p>\n<p>Altri ambienti in cui svolgere le attivit\u00e0 della giornata sono l\u2019area accoglienza, in prossimit\u00e0 dell\u2019ingresso, la sala da pranzo, in cui a volte preparare con gli amici e le maestre cose dolci e salate, e la sala del riposo.<\/p>\n<p>Il pranzo e le merende sono preparate nella nuova cucina interna.<\/p>\n<p>Fulcro della struttura \u00e8 il grande salone per le attivit\u00e0 libere, luogo di incontro e di ritrovo, che contiene al suo interno lo storico palcoscenico teatrale. Tale spazio \u00e8 utilizzato su progetto dalle tre sezioni o contemporaneamente per attivit\u00e0 di grande, di piccolo gruppo e di intersezione, oltre che per le recite.<\/p>\n<p>Dalle aule e dalle sale si accede direttamente al giardino esclusivo della sezione primavera ed al parco della scuola, completamente recintati.<\/p>\n<p>La zona esterna \u00e8 attrezzata con arredi e giochi per le attivit\u00e0 ludiche che offrono proposte ludico-motorie differenziate rispettando le diverse esigenze dei bambini.<\/p>\n<p>Alle zone attrezzate si accompagnano spazi verdi, non strutturati, che garantiscono ai bambini la possibilit\u00e0 di giocare il libert\u00e0 e spontaneamente.[\/vc_column_text][\/vc_column_inner][\/vc_row_inner][\/vc_column][\/vc_row][vc_row][vc_column width=&#8221;1\/4&#8243;][\/vc_column][vc_column width=&#8221;3\/4&#8243;][\/vc_column][\/vc_row]<\/p>\n","protected":false},"excerpt":{"rendered":"<p>[vc_row css=&#8221;.vc_custom_1485874032891{margin-top: -50px !important;margin-bottom: -50px !important;}&#8221;][vc_column][ivan_title align=&#8221; to-center&#8221; title_css=&#8221;{.vc_customizer_1485874070822}&#8221; highlight_css=&#8221;{.vc_customizer_1485874070823}&#8221; subtitle_css=&#8221;{.vc_customizer_1485874070825}&#8221; mark_css=&#8221;{.vc_customizer_1485874070825}&#8221; icon_css=&#8221;{.vc_customizer_1485874070827}&#8221;]La struttura, dove i piccoli diventano grandi[\/ivan_title][vc_row_inner][vc_column_inner width=&#8221;1\/4&#8243; css=&#8221;.vc_custom_1486374841337{background-color: #f2f2f2 !important;}&#8221;][vc_gallery type=&#8221;image_grid&#8221; images=&#8221;4456,4457,4458&#8243;][\/vc_column_inner][vc_column_inner width=&#8221;3\/4&#8243;][vc_column_text h1_css=&#8221;{.vc_customizer_1544471697335}&#8221; h2_css=&#8221;{.vc_customizer_1544471697335}&#8221; h3_css=&#8221;{.vc_customizer_1544471697336}&#8221; h4_css=&#8221;{.vc_customizer_1544471697338}&#8221; h5_css=&#8221;{.vc_customizer_1544471697339}&#8221; h6_css=&#8221;{.vc_customizer_1544471697340}&#8221; p_css=&#8221;{.vc_customizer_1544471697342}&#8221; link_css=&#8221;{.vc_customizer_1544471697342}&#8221; list_css=&#8221;{.vc_customizer_1544471697343}&#8221;]Il complesso architettonico nato nel 1912 come \u201casilo\u201d e sala teatrale, nel 2016-17 \u00e8 stato oggetto di un importante intervento di<\/p>\n","protected":false},"author":1,"featured_media":0,"parent":0,"menu_order":0,"comment_status":"closed","ping_status":"closed","template":"","meta":[],"_links":{"self":[{"href":"https:\/\/infanziacolleumberto.it\/index.php\/wp-json\/wp\/v2\/pages\/3715"}],"collection":[{"href":"https:\/\/infanziacolleumberto.it\/index.php\/wp-json\/wp\/v2\/pages"}],"about":[{"href":"https:\/\/infanziacolleumberto.it\/index.php\/wp-json\/wp\/v2\/types\/page"}],"author":[{"embeddable":true,"href":"https:\/\/infanziacolleumberto.it\/index.php\/wp-json\/wp\/v2\/users\/1"}],"replies":[{"embeddable":true,"href":"https:\/\/infanziacolleumberto.it\/index.php\/wp-json\/wp\/v2\/comments?post=3715"}],"version-history":[{"count":14,"href":"https:\/\/infanziacolleumberto.it\/index.php\/wp-json\/wp\/v2\/pages\/3715\/revisions"}],"predecessor-version":[{"id":4860,"href":"https:\/\/infanziacolleumberto.it\/index.php\/wp-json\/wp\/v2\/pages\/3715\/revisions\/4860"}],"wp:attachment":[{"href":"https:\/\/infanziacolleumberto.it\/index.php\/wp-json\/wp\/v2\/media?parent=3715"}],"curies":[{"name":"wp","href":"https:\/\/api.w.org\/{rel}","templated":true}]}}