{"id":3709,"date":"2017-01-10T16:02:21","date_gmt":"2017-01-10T15:02:21","guid":{"rendered":"http:\/\/infanziacolleumberto.it\/?page_id=3709"},"modified":"2023-11-01T16:51:47","modified_gmt":"2023-11-01T15:51:47","slug":"destinatari-del-servizio","status":"publish","type":"page","link":"https:\/\/infanziacolleumberto.it\/index.php\/presentazione-generale\/destinatari-del-servizio\/","title":{"rendered":"Destinatari del servizio"},"content":{"rendered":"<p>[vc_row][vc_column][vc_column_text h1_css=&#8221;{.vc_customizer_1698853897032}&#8221; h2_css=&#8221;{.vc_customizer_1698853897032}&#8221; h3_css=&#8221;{.vc_customizer_1698853897032}&#8221; h4_css=&#8221;{.vc_customizer_1698853897032}&#8221; h5_css=&#8221;{.vc_customizer_1698853897033}&#8221; h6_css=&#8221;{.vc_customizer_1698853897033}&#8221; p_css=&#8221;{.vc_customizer_1698853897033}&#8221; link_css=&#8221;{.vc_customizer_1698853897033}&#8221; list_css=&#8221;{.vc_customizer_1698853897033}&#8221;]La Scuola dell\u2019Infanzia \u201cSinite Parvulos\u201d\u201d \u00e8 un servizio educativo che pu\u00f2 accogliere fino a 60 bambini, di et\u00e0 compresa tra i tre ed i sei anni, sulla base di un progetto psicopedagogico che risponde alle indicazioni educative nazionali, <strong>ai principi ecclesiali sull\u2019educazione scolastica<\/strong>, promuovendo e assicurando ad ogni bambino il diritto all\u2019educazione<strong>. La scuola promuove e assicura ad ogni bambino di qualsiasi nazionalit\u00e0 e credo religioso il diritto all&#8217;educazione<\/strong>.<\/p>\n<p><strong>Da settembre 2018 \u00e8 presente\u00a0 la sezione primavera che accoglie i bambini dai 2 ai 3 anni.<\/strong><\/p>\n<p><strong>Possono iscriversi, secondo quanto previsto dalla Legge 53\/2003, i bambini e le bambine che abbiano compiuto o compiano, entro il 31 dicembre dell\u2019anno in corso, il terzo anno di et\u00e0. Possono, altres\u00ec, essere iscritti i bambini che compiano tre anni di et\u00e0 entro il 30 aprile dell\u2019anno successivo.<\/strong><\/p>\n<p>Al fine di garantire qualit\u00e0 pedagogica, flessibilit\u00e0 e specificit\u00e0 all&#8217;offerta educativa in coerenza con la particolare fascia di et\u00e0 interessata, l&#8217;ammissione dei bambini alla frequenza anticipata \u00e8 condizionata:<\/p>\n<ul>\n<li>dalla disponibilit\u00e0 dei posti e all\u2019esaurimento di eventuali liste di attesa;<\/li>\n<li>dalla disponibilit\u00e0 di locali e dotazioni idonei sotto il profilo dell&#8217;agibilit\u00e0 e funzionalit\u00e0, tali da rispondere alle diverse esigenze dei bambini di et\u00e0 inferiore a tre anni;<\/li>\n<\/ul>\n<p>dalla valutazione pedagogica e didattica, da parte del collegio dei docenti, dei tempi e delle modalit\u00e0 dell&#8217;accoglienza.[\/vc_column_text][\/vc_column][\/vc_row]<\/p>\n","protected":false},"excerpt":{"rendered":"<p>[vc_row][vc_column][vc_column_text h1_css=&#8221;{.vc_customizer_1698853897032}&#8221; h2_css=&#8221;{.vc_customizer_1698853897032}&#8221; h3_css=&#8221;{.vc_customizer_1698853897032}&#8221; h4_css=&#8221;{.vc_customizer_1698853897032}&#8221; h5_css=&#8221;{.vc_customizer_1698853897033}&#8221; h6_css=&#8221;{.vc_customizer_1698853897033}&#8221; p_css=&#8221;{.vc_customizer_1698853897033}&#8221; link_css=&#8221;{.vc_customizer_1698853897033}&#8221; list_css=&#8221;{.vc_customizer_1698853897033}&#8221;]La Scuola dell\u2019Infanzia \u201cSinite Parvulos\u201d\u201d \u00e8 un servizio educativo che pu\u00f2 accogliere fino a 60 bambini, di et\u00e0 compresa tra i tre ed i sei anni, sulla base di un progetto psicopedagogico che risponde alle indicazioni educative nazionali, ai principi ecclesiali sull\u2019educazione scolastica, promuovendo e assicurando<\/p>\n","protected":false},"author":1,"featured_media":0,"parent":3682,"menu_order":0,"comment_status":"closed","ping_status":"closed","template":"","meta":[],"_links":{"self":[{"href":"https:\/\/infanziacolleumberto.it\/index.php\/wp-json\/wp\/v2\/pages\/3709"}],"collection":[{"href":"https:\/\/infanziacolleumberto.it\/index.php\/wp-json\/wp\/v2\/pages"}],"about":[{"href":"https:\/\/infanziacolleumberto.it\/index.php\/wp-json\/wp\/v2\/types\/page"}],"author":[{"embeddable":true,"href":"https:\/\/infanziacolleumberto.it\/index.php\/wp-json\/wp\/v2\/users\/1"}],"replies":[{"embeddable":true,"href":"https:\/\/infanziacolleumberto.it\/index.php\/wp-json\/wp\/v2\/comments?post=3709"}],"version-history":[{"count":5,"href":"https:\/\/infanziacolleumberto.it\/index.php\/wp-json\/wp\/v2\/pages\/3709\/revisions"}],"predecessor-version":[{"id":4928,"href":"https:\/\/infanziacolleumberto.it\/index.php\/wp-json\/wp\/v2\/pages\/3709\/revisions\/4928"}],"up":[{"embeddable":true,"href":"https:\/\/infanziacolleumberto.it\/index.php\/wp-json\/wp\/v2\/pages\/3682"}],"wp:attachment":[{"href":"https:\/\/infanziacolleumberto.it\/index.php\/wp-json\/wp\/v2\/media?parent=3709"}],"curies":[{"name":"wp","href":"https:\/\/api.w.org\/{rel}","templated":true}]}}