{"id":3707,"date":"2017-01-10T16:00:28","date_gmt":"2017-01-10T15:00:28","guid":{"rendered":"http:\/\/infanziacolleumberto.it\/?page_id=3707"},"modified":"2023-11-01T16:50:55","modified_gmt":"2023-11-01T15:50:55","slug":"gruppo-genitori","status":"publish","type":"page","link":"https:\/\/infanziacolleumberto.it\/index.php\/presentazione-generale\/gruppo-genitori\/","title":{"rendered":"Gruppo genitori"},"content":{"rendered":"<p>[vc_row][vc_column][vc_single_image image=&#8221;4296&#8243; img_size=&#8221;full&#8221; alignment=&#8221;center&#8221;][vc_column_text h1_css=&#8221;{.vc_customizer_1698853839116}&#8221; h2_css=&#8221;{.vc_customizer_1698853839117}&#8221; h3_css=&#8221;{.vc_customizer_1698853839117}&#8221; h4_css=&#8221;{.vc_customizer_1698853839117}&#8221; h5_css=&#8221;{.vc_customizer_1698853839117}&#8221; h6_css=&#8221;{.vc_customizer_1698853839118}&#8221; p_css=&#8221;{.vc_customizer_1698853839118}&#8221; link_css=&#8221;{.vc_customizer_1698853839118}&#8221; list_css=&#8221;{.vc_customizer_1698853839118}&#8221;]Il Gruppo genitori \u00e8 nato nel 2010 da alcuni pap\u00e0 e mamme dei bambini con lo scopo di creare comunit\u00e0 e sostenere economicamente la scuola.<\/p>\n<p>Le iniziative organizzate negli anni sono molteplici ma tra tutte l\u2019appuntamento pi\u00f9 importante \u00e8 LA PASSEGGIATA DEI PULCINI che si svolge la terza domenica di Settembre e coinvolge tutti i bambini con famiglie, amici e parenti per una passeggiata ANIMATA tra le colline di Colle Umberto.<\/p>\n<p>Altri appuntamenti sono \u201cauguri la notte di Natale con il Brul\u00e8\u201d, Raccolta ferro, Organizzazione di concerti, spettacoli, eventi ecc.<\/p>\n<p>Ogni offerta raccolta, viene utilizzata per finanziare attivit\u00e0 extra scolastiche e l\u2019acquisto di beni\u00a0 e\/o giochi per le attivit\u00e0 didattiche e di arredo della scuola.<br \/>\nDal 2017 il Gruppo sostiene attivamente anche il PROGETTO PARVULOS per la ristrutturazione e ampliamento dell\u2019edificio scolastico.<\/p>\n<p>Il gruppo, rinnovato continuamente negli anni, oggi conta 25 genitori che con passione e armonia si dedica nell\u2019organizzare eventi con lo scopo continuo di sostenere la scuola dell\u2019infanzia.<\/p>\n<p>I nuovi genitori sono incentivati a partecipare al gruppo per sostenere la scuola dei propri figli.[\/vc_column_text][\/vc_column][\/vc_row]<\/p>\n","protected":false},"excerpt":{"rendered":"<p>[vc_row][vc_column][vc_single_image image=&#8221;4296&#8243; img_size=&#8221;full&#8221; alignment=&#8221;center&#8221;][vc_column_text h1_css=&#8221;{.vc_customizer_1698853839116}&#8221; h2_css=&#8221;{.vc_customizer_1698853839117}&#8221; h3_css=&#8221;{.vc_customizer_1698853839117}&#8221; h4_css=&#8221;{.vc_customizer_1698853839117}&#8221; h5_css=&#8221;{.vc_customizer_1698853839117}&#8221; h6_css=&#8221;{.vc_customizer_1698853839118}&#8221; p_css=&#8221;{.vc_customizer_1698853839118}&#8221; link_css=&#8221;{.vc_customizer_1698853839118}&#8221; list_css=&#8221;{.vc_customizer_1698853839118}&#8221;]Il Gruppo genitori \u00e8 nato nel 2010 da alcuni pap\u00e0 e mamme dei bambini con lo scopo di creare comunit\u00e0 e sostenere economicamente la scuola. Le iniziative organizzate negli anni sono molteplici ma tra tutte l\u2019appuntamento pi\u00f9 importante \u00e8 LA PASSEGGIATA DEI PULCINI<\/p>\n","protected":false},"author":1,"featured_media":0,"parent":3682,"menu_order":0,"comment_status":"closed","ping_status":"closed","template":"","meta":[],"_links":{"self":[{"href":"https:\/\/infanziacolleumberto.it\/index.php\/wp-json\/wp\/v2\/pages\/3707"}],"collection":[{"href":"https:\/\/infanziacolleumberto.it\/index.php\/wp-json\/wp\/v2\/pages"}],"about":[{"href":"https:\/\/infanziacolleumberto.it\/index.php\/wp-json\/wp\/v2\/types\/page"}],"author":[{"embeddable":true,"href":"https:\/\/infanziacolleumberto.it\/index.php\/wp-json\/wp\/v2\/users\/1"}],"replies":[{"embeddable":true,"href":"https:\/\/infanziacolleumberto.it\/index.php\/wp-json\/wp\/v2\/comments?post=3707"}],"version-history":[{"count":6,"href":"https:\/\/infanziacolleumberto.it\/index.php\/wp-json\/wp\/v2\/pages\/3707\/revisions"}],"predecessor-version":[{"id":4927,"href":"https:\/\/infanziacolleumberto.it\/index.php\/wp-json\/wp\/v2\/pages\/3707\/revisions\/4927"}],"up":[{"embeddable":true,"href":"https:\/\/infanziacolleumberto.it\/index.php\/wp-json\/wp\/v2\/pages\/3682"}],"wp:attachment":[{"href":"https:\/\/infanziacolleumberto.it\/index.php\/wp-json\/wp\/v2\/media?parent=3707"}],"curies":[{"name":"wp","href":"https:\/\/api.w.org\/{rel}","templated":true}]}}