{"id":3682,"date":"2017-01-10T13:18:49","date_gmt":"2017-01-10T12:18:49","guid":{"rendered":"http:\/\/infanziacolleumberto.it\/?page_id=3682"},"modified":"2022-10-12T11:21:23","modified_gmt":"2022-10-12T09:21:23","slug":"presentazione-generale","status":"publish","type":"page","link":"https:\/\/infanziacolleumberto.it\/index.php\/presentazione-generale\/","title":{"rendered":"Presentazione generale"},"content":{"rendered":"<p>[vc_row css=&#8221;.vc_custom_1484233361033{margin-top: -50px !important;margin-bottom: -50px !important;}&#8221;][vc_column][ivan_title title_css=&#8221;{.vc_customizer_1484055555621}&#8221; highlight_css=&#8221;{.vc_customizer_1484055555622}&#8221; subtitle_css=&#8221;{.vc_customizer_1484055555623}&#8221; mark_css=&#8221;{.vc_customizer_1484055555623}&#8221; icon_css=&#8221;{.vc_customizer_1484055555624}&#8221;]Scuola dell&#8217;Infanzia Parrocchiale Paritaria &#8220;Sinite Parvulos&#8221;[\/ivan_title][vc_column_text h1_css=&#8221;{.vc_customizer_1519410822732}&#8221; h2_css=&#8221;{.vc_customizer_1519410822733}&#8221; h3_css=&#8221;{.vc_customizer_1519410822734}&#8221; h4_css=&#8221;{.vc_customizer_1519410822735}&#8221; h5_css=&#8221;{.vc_customizer_1519410822735}&#8221; h6_css=&#8221;{.vc_customizer_1519410822736}&#8221; p_css=&#8221;{.vc_customizer_1519410822737}&#8221; link_css=&#8221;{.vc_customizer_1519410822737}&#8221; list_css=&#8221;{.vc_customizer_1519410822738}&#8221;]<\/p>\n<h3><span style=\"color: #267179;\">PRESENTAZIONE GENERALE<\/span><\/h3>\n<p><span style=\"color: #333333;\">La scuola dell\u2019infanzia SINITE PARVULOS, nel rispetto del primario diritto e dovere dei genitori di educare i figli, intende radicare la propria proposta educativa nella concezione cristiana della vita, che genitori ed insegnanti s\u2019impegnano a rispettare, in spirito di collaborazione.<\/span><\/p>\n<p><span style=\"color: #333333;\">La Scuola aderisce alla Federazione Italiana Scuole Materne (F.I.S.M.), attraverso la Federazione Provinciale di Treviso.<\/span><\/p>\n<p><span style=\"color: #333333;\">Dal 2001 il Ministero della Pubblica Istruzione riconosce paritaria, a tutti gli effetti, la scuola dell\u2019Infanzia \u201cSinite Parvulos\u201d di Colle Umberto. Conseguentemente si attesta che il servizio scolastico erogato dalla stessa si caratterizza come servizio pubblico rispondente alle norme generali sull\u2019istruzione.<\/span><\/p>\n<p><span style=\"color: #333333;\">La scuola dell\u2019Infanzia \u201cSinite Parvulos\u201d \u00e8 situata nel Comune di Colle Umberto, Via Feletti 15.<\/span><\/p>\n<p>[\/vc_column_text][\/vc_column][\/vc_row][vc_row css=&#8221;.vc_custom_1484234050110{padding-top: 20px !important;}&#8221;][vc_column width=&#8221;1\/2&#8243;][vc_gallery type=&#8221;image_grid&#8221; images=&#8221;3836,3838,3843,3846,3847,3848,3849&#8243;][\/vc_column][vc_column width=&#8221;1\/2&#8243; css=&#8221;.vc_custom_1484233999052{background-color: #f2f2f2 !important;}&#8221;][vc_column_text h1_css=&#8221;{.vc_customizer_1484234151202}&#8221; h2_css=&#8221;{.vc_customizer_1484234151204}&#8221; h3_css=&#8221;{.vc_customizer_1484234151205}&#8221; h4_css=&#8221;{.vc_customizer_1484234151207}&#8221; h5_css=&#8221;{.vc_customizer_1484234151208}&#8221; h6_css=&#8221;{.vc_customizer_1484234151209}&#8221; p_css=&#8221;{.vc_customizer_1484234151211}&#8221; link_css=&#8221;{.vc_customizer_1484234151212}&#8221; list_css=&#8221;{.vc_customizer_1484234151214}&#8221; css=&#8221;.vc_custom_1484234151199{padding-top: 10px !important;padding-bottom: 10px !important;}&#8221;]<\/p>\n<h3><span style=\"color: #267179;\">PRINCIPI E VALORI<\/span><\/h3>\n<p>La Scuola fonda la sua attivit\u00e0 su valori e requisiti ben precisi:<\/p>\n<ul>\n<li>Scelta del personale docente e non docente, in sintonia con i principi cristiano-cattolici;<\/li>\n<li>Realizzazione di un clima familiare, attraverso stili relazionali nei confronti del bambino, dei genitori, dei colleghi;<\/li>\n<li>Una particolare cura dell\u2019ambiente di apprendimento;<\/li>\n<li>Coinvolgimento delle famiglie nella vita della Scuola;<\/li>\n<li>Percorsi formativi per i genitori e il personale;<\/li>\n<li>Integrazione della Scuola nella vita della comunit\u00e0;<\/li>\n<li>Iniziative di solidariet\u00e0.<\/li>\n<\/ul>\n<p>La scuola,\u00a0in continuit\u00e0 con la propria storia e nel rispetto della legislazione scolastica fonda il proprio agire educativo nei termini di:<\/p>\n<ul>\n<li>promozione della crescita cristiana dei bambini all\u2019interno della comunit\u00e0 ecclesiale;<\/li>\n<li>promozione dell\u2019idea di centralit\u00e0 della persona nella sua originalit\u00e0 e unicit\u00e0;<\/li>\n<li>promozione dell\u2019idea di scuola come luogo di comunit\u00e0;<\/li>\n<li>promozione di una cultura che pone come paradigma il rispetto dei bisogni della persona;<\/li>\n<li>promozione dei rapporti umani improntati allo spirito di cooperazione;<\/li>\n<li>promozione di atteggiamenti di accoglienza, solidariet\u00e0, rispetto delle diversit\u00e0 in un\u2019ottica di inclusione.<\/li>\n<\/ul>\n<p>[\/vc_column_text][\/vc_column][\/vc_row]<\/p>\n","protected":false},"excerpt":{"rendered":"<p>[vc_row css=&#8221;.vc_custom_1484233361033{margin-top: -50px !important;margin-bottom: -50px !important;}&#8221;][vc_column][ivan_title title_css=&#8221;{.vc_customizer_1484055555621}&#8221; highlight_css=&#8221;{.vc_customizer_1484055555622}&#8221; subtitle_css=&#8221;{.vc_customizer_1484055555623}&#8221; mark_css=&#8221;{.vc_customizer_1484055555623}&#8221; icon_css=&#8221;{.vc_customizer_1484055555624}&#8221;]Scuola dell&#8217;Infanzia Parrocchiale Paritaria &#8220;Sinite Parvulos&#8221;[\/ivan_title][vc_column_text h1_css=&#8221;{.vc_customizer_1519410822732}&#8221; h2_css=&#8221;{.vc_customizer_1519410822733}&#8221; h3_css=&#8221;{.vc_customizer_1519410822734}&#8221; h4_css=&#8221;{.vc_customizer_1519410822735}&#8221; h5_css=&#8221;{.vc_customizer_1519410822735}&#8221; h6_css=&#8221;{.vc_customizer_1519410822736}&#8221; p_css=&#8221;{.vc_customizer_1519410822737}&#8221; link_css=&#8221;{.vc_customizer_1519410822737}&#8221; list_css=&#8221;{.vc_customizer_1519410822738}&#8221;] PRESENTAZIONE GENERALE La scuola dell\u2019infanzia SINITE PARVULOS, nel rispetto del primario diritto e dovere dei genitori di educare i figli, intende radicare la propria proposta educativa nella concezione cristiana della<\/p>\n","protected":false},"author":1,"featured_media":0,"parent":0,"menu_order":0,"comment_status":"closed","ping_status":"closed","template":"","meta":[],"_links":{"self":[{"href":"https:\/\/infanziacolleumberto.it\/index.php\/wp-json\/wp\/v2\/pages\/3682"}],"collection":[{"href":"https:\/\/infanziacolleumberto.it\/index.php\/wp-json\/wp\/v2\/pages"}],"about":[{"href":"https:\/\/infanziacolleumberto.it\/index.php\/wp-json\/wp\/v2\/types\/page"}],"author":[{"embeddable":true,"href":"https:\/\/infanziacolleumberto.it\/index.php\/wp-json\/wp\/v2\/users\/1"}],"replies":[{"embeddable":true,"href":"https:\/\/infanziacolleumberto.it\/index.php\/wp-json\/wp\/v2\/comments?post=3682"}],"version-history":[{"count":33,"href":"https:\/\/infanziacolleumberto.it\/index.php\/wp-json\/wp\/v2\/pages\/3682\/revisions"}],"predecessor-version":[{"id":4857,"href":"https:\/\/infanziacolleumberto.it\/index.php\/wp-json\/wp\/v2\/pages\/3682\/revisions\/4857"}],"wp:attachment":[{"href":"https:\/\/infanziacolleumberto.it\/index.php\/wp-json\/wp\/v2\/media?parent=3682"}],"curies":[{"name":"wp","href":"https:\/\/api.w.org\/{rel}","templated":true}]}}